{"id":143,"date":"2019-11-24T15:33:45","date_gmt":"2019-11-24T15:33:45","guid":{"rendered":"http:\/\/yoga-hinterzarten.de\/?page_id=143"},"modified":"2021-06-17T12:03:20","modified_gmt":"2021-06-17T12:03:20","slug":"ueberblick","status":"publish","type":"page","link":"https:\/\/yoga-hinterzarten.de\/","title":{"rendered":"\u00dcberblick"},"content":{"rendered":"<h1 style=\"text-align: center;\">\u00a0 <span style=\"color: #1755d1; font-size: 18pt;\"><strong>Yoga in Hinterzarten<\/strong><\/span><\/h1>\n<p style=\"text-align: center;\"><span style=\"font-size: 12pt;\">Hier findest du<\/span><\/p>\n<ul>\n<li>\n<h3><span style=\"font-size: 14pt;\">Entspannendes <a href=\"https:\/\/yoga-hinterzarten.de\/?page_id=270\"><span style=\"color: #000000;\"><span style=\"color: #1755d1;\">Hatha-Yoga<\/span><\/span><\/a> f\u00fcr alle Altersgruppen, f\u00fcr Anf\u00e4nger und Ge\u00fcbte, in der Tradition von Selvarajan Yesudian und Elisabeth Haich<\/span><\/h3>\n<\/li>\n<li>\n<h3><span style=\"color: #1755d1;\"><a style=\"color: #1755d1;\" href=\"https:\/\/yoga-hinterzarten.de\/?page_id=79\"><span style=\"font-size: 14pt;\">Pranayama (Atem)-Workshops<\/span><\/a><\/span><img loading=\"lazy\" class=\"aligncenter wp-image-111\" src=\"http:\/\/yoga-hinterzarten.de\/wp-content\/uploads\/2019\/11\/634D1001-300x200.jpg\" alt=\"\" width=\"800\" height=\"534\" srcset=\"https:\/\/yoga-hinterzarten.de\/wp-content\/uploads\/2019\/11\/634D1001-300x200.jpg 300w, https:\/\/yoga-hinterzarten.de\/wp-content\/uploads\/2019\/11\/634D1001-768x512.jpg 768w, https:\/\/yoga-hinterzarten.de\/wp-content\/uploads\/2019\/11\/634D1001-1024x683.jpg 1024w, https:\/\/yoga-hinterzarten.de\/wp-content\/uploads\/2019\/11\/634D1001.jpg 1417w\" sizes=\"(max-width: 800px) 100vw, 800px\" \/><\/h3>\n<\/li>\n<\/ul>\n<h3><\/h3>\n<p style=\"text-align: center;\"><span style=\"font-size: 12pt;\">au\u00dferdem<\/span><\/p>\n<ul>\n<li style=\"list-style-type: none;\">\n<ul>\n<li>\n<h3><span style=\"font-size: 14pt;\"><span style=\"color: #1755d1;\"><a style=\"color: #1755d1;\" href=\"https:\/\/yoga-hinterzarten.de\/?page_id=89\">Meditation<\/a><\/span> (still und dynamisch, nach unterschiedlichen Traditionen) und verschiedene Entspannungsverfahren<\/span><\/h3>\n<\/li>\n<li>\n<h3><span style=\"font-size: 14pt;\">Spezielle Yogaschulung f\u00fcr Frauen in den Wecheljahren: <a href=\"https:\/\/yoga-hinterzarten.de\/?page_id=149\"><span style=\"color: #1755d1;\">Hormonyoga nach Dinah Rodriguez<\/span><\/a><\/span><\/h3>\n<\/li>\n<li>\n<h3><span style=\"color: #1755d1; font-size: 14pt;\"><a style=\"color: #1755d1;\" href=\"https:\/\/yoga-hinterzarten.de\/?page_id=154\">Yoga 50+ 60+ und mehr<\/a><\/span><\/h3>\n<\/li>\n<li>\n<h3><span style=\"font-size: 14pt;\"><strong><a href=\"https:\/\/yoga-hinterzarten.de\/?page_id=368\"><span style=\"color: #1755d1;\">Yoga in der Schwangerschaft<\/span><\/a> <\/strong><\/span><\/h3>\n<\/li>\n<li><a href=\"https:\/\/yoga-hinterzarten.de\/?page_id=366\"><span style=\"font-size: 14pt; color: #1755d1;\"><strong>Yoga f\u00fcr deine spezielle Lebenssituation<\/strong><\/span><\/a><\/li>\n<li>\n<h3><span style=\"font-size: 14pt;\"><strong>Kurse und Einzelarbeit<\/strong><\/span><\/h3>\n<h3><\/h3>\n<\/li>\n<\/ul>\n<\/li>\n<\/ul>\n<p style=\"text-align: center;\"><strong>\u00a0\u00a0\u00a0\u00a0<\/strong><br \/>\nL<span style=\"font-size: 12pt;\">eitung: Claudia Meller-Lies, Dipl.-Sozialp\u00e4dagogin, zertifizierte Yogalehrerin, Entspannungsp\u00e4dagogi<\/span>n<\/p>\n","protected":false},"excerpt":{"rendered":"<p>\u00a0 Yoga in Hinterzarten Hier findest du Entspannendes Hatha-Yoga f\u00fcr alle Altersgruppen, f\u00fcr Anf\u00e4nger und Ge\u00fcbte, in der Tradition von Selvarajan Yesudian und Elisabeth Haich Pranayama (Atem)-Workshops au\u00dferdem Meditation (still und dynamisch, nach unterschiedlichen Traditionen) und verschiedene Entspannungsverfahren Spezielle Yogaschulung f\u00fcr Frauen in den Wecheljahren: Hormonyoga nach Dinah Rodriguez Yoga 50+ 60+ und mehr Yoga<a class=\"more-link\" href=\"https:\/\/yoga-hinterzarten.de\/\">&#8230; Lesen Sie den ganzen Artikel<\/a><\/p>\n","protected":false},"author":1,"featured_media":0,"parent":0,"menu_order":0,"comment_status":"closed","ping_status":"closed","template":"","meta":[],"_links":{"self":[{"href":"https:\/\/yoga-hinterzarten.de\/index.php?rest_route=\/wp\/v2\/pages\/143"}],"collection":[{"href":"https:\/\/yoga-hinterzarten.de\/index.php?rest_route=\/wp\/v2\/pages"}],"about":[{"href":"https:\/\/yoga-hinterzarten.de\/index.php?rest_route=\/wp\/v2\/types\/page"}],"author":[{"embeddable":true,"href":"https:\/\/yoga-hinterzarten.de\/index.php?rest_route=\/wp\/v2\/users\/1"}],"replies":[{"embeddable":true,"href":"https:\/\/yoga-hinterzarten.de\/index.php?rest_route=%2Fwp%2Fv2%2Fcomments&post=143"}],"version-history":[{"count":42,"href":"https:\/\/yoga-hinterzarten.de\/index.php?rest_route=\/wp\/v2\/pages\/143\/revisions"}],"predecessor-version":[{"id":395,"href":"https:\/\/yoga-hinterzarten.de\/index.php?rest_route=\/wp\/v2\/pages\/143\/revisions\/395"}],"wp:attachment":[{"href":"https:\/\/yoga-hinterzarten.de\/index.php?rest_route=%2Fwp%2Fv2%2Fmedia&parent=143"}],"curies":[{"name":"wp","href":"https:\/\/api.w.org\/{rel}","templated":true}]}}