{"id":270,"date":"2021-05-30T10:00:08","date_gmt":"2021-05-30T10:00:08","guid":{"rendered":"https:\/\/yoga-hinterzarten.de\/?page_id=270"},"modified":"2025-05-29T14:29:56","modified_gmt":"2025-05-29T14:29:56","slug":"hathayoga","status":"publish","type":"page","link":"https:\/\/yoga-hinterzarten.de\/?page_id=270","title":{"rendered":"HathaYoga"},"content":{"rendered":"<p><span style=\"font-size: 14pt;\"><b>Yoga<\/b> ist eine aus Indien stammende philosophische Lehre, <\/span><span style=\"font-size: 14pt;\">die urspr\u00fcnglich einen rein spirituellen Weg lehrte, einen Weg der <b>Selbstvervollkommnung durch Meditation. <\/b><\/span><\/p>\n<p><span style=\"font-size: 14pt;\">Um die Menschen stark und bereit zu machen f\u00fcr diesen Weg, entwickelte sich der <b>Hatha-Yoga<\/b>, eine<b> k\u00f6rperbetonte Form des Yoga. <\/b><\/span><\/p>\n<p><span style=\"font-size: 14pt;\">Alle anderen Formen des Yoga haben sich aus diesen Ursp\u00fcngen entwickelt.<\/span><\/p>\n","protected":false},"excerpt":{"rendered":"<p>Yoga ist eine aus Indien stammende philosophische Lehre, die urspr\u00fcnglich einen rein spirituellen Weg lehrte, einen Weg der Selbstvervollkommnung durch Meditation. Um die Menschen stark und bereit zu machen f\u00fcr diesen Weg, entwickelte sich der Hatha-Yoga, eine k\u00f6rperbetonte Form des Yoga. Alle anderen Formen des Yoga haben sich aus diesen Ursp\u00fcngen entwickelt.<\/p>\n","protected":false},"author":1,"featured_media":0,"parent":0,"menu_order":0,"comment_status":"closed","ping_status":"closed","template":"","meta":[],"_links":{"self":[{"href":"https:\/\/yoga-hinterzarten.de\/index.php?rest_route=\/wp\/v2\/pages\/270"}],"collection":[{"href":"https:\/\/yoga-hinterzarten.de\/index.php?rest_route=\/wp\/v2\/pages"}],"about":[{"href":"https:\/\/yoga-hinterzarten.de\/index.php?rest_route=\/wp\/v2\/types\/page"}],"author":[{"embeddable":true,"href":"https:\/\/yoga-hinterzarten.de\/index.php?rest_route=\/wp\/v2\/users\/1"}],"replies":[{"embeddable":true,"href":"https:\/\/yoga-hinterzarten.de\/index.php?rest_route=%2Fwp%2Fv2%2Fcomments&post=270"}],"version-history":[{"count":8,"href":"https:\/\/yoga-hinterzarten.de\/index.php?rest_route=\/wp\/v2\/pages\/270\/revisions"}],"predecessor-version":[{"id":449,"href":"https:\/\/yoga-hinterzarten.de\/index.php?rest_route=\/wp\/v2\/pages\/270\/revisions\/449"}],"wp:attachment":[{"href":"https:\/\/yoga-hinterzarten.de\/index.php?rest_route=%2Fwp%2Fv2%2Fmedia&parent=270"}],"curies":[{"name":"wp","href":"https:\/\/api.w.org\/{rel}","templated":true}]}}